{"id":218,"date":"2021-02-28T21:21:26","date_gmt":"2021-02-28T20:21:26","guid":{"rendered":"http:\/\/ideephotocontest.com\/?page_id=218"},"modified":"2025-06-01T00:16:51","modified_gmt":"2025-05-31T22:16:51","slug":"condizioni-di-vendita","status":"publish","type":"page","link":"https:\/\/ideephotocontest.com\/index.php\/condizioni-di-vendita\/","title":{"rendered":"Condizioni di vendita di Idee Photo Contest"},"content":{"rendered":"\t\t<div data-elementor-type=\"wp-page\" data-elementor-id=\"218\" class=\"elementor elementor-218\" data-elementor-post-type=\"page\">\n\t\t\t\t\t\t<section class=\"elementor-section elementor-top-section elementor-element elementor-element-6dc79b8 elementor-section-boxed elementor-section-height-default elementor-section-height-default\" data-id=\"6dc79b8\" data-element_type=\"section\" data-settings=\"{&quot;jet_parallax_layout_list&quot;:[{&quot;jet_parallax_layout_image&quot;:{&quot;url&quot;:&quot;&quot;,&quot;id&quot;:&quot;&quot;,&quot;size&quot;:&quot;&quot;},&quot;_id&quot;:&quot;80f02e2&quot;,&quot;jet_parallax_layout_image_tablet&quot;:{&quot;url&quot;:&quot;&quot;,&quot;id&quot;:&quot;&quot;,&quot;size&quot;:&quot;&quot;},&quot;jet_parallax_layout_image_mobile&quot;:{&quot;url&quot;:&quot;&quot;,&quot;id&quot;:&quot;&quot;,&quot;size&quot;:&quot;&quot;},&quot;jet_parallax_layout_speed&quot;:{&quot;unit&quot;:&quot;%&quot;,&quot;size&quot;:50,&quot;sizes&quot;:[]},&quot;jet_parallax_layout_type&quot;:&quot;scroll&quot;,&quot;jet_parallax_layout_direction&quot;:null,&quot;jet_parallax_layout_fx_direction&quot;:null,&quot;jet_parallax_layout_z_index&quot;:&quot;&quot;,&quot;jet_parallax_layout_bg_x&quot;:50,&quot;jet_parallax_layout_bg_x_tablet&quot;:&quot;&quot;,&quot;jet_parallax_layout_bg_x_mobile&quot;:&quot;&quot;,&quot;jet_parallax_layout_bg_y&quot;:50,&quot;jet_parallax_layout_bg_y_tablet&quot;:&quot;&quot;,&quot;jet_parallax_layout_bg_y_mobile&quot;:&quot;&quot;,&quot;jet_parallax_layout_bg_size&quot;:&quot;auto&quot;,&quot;jet_parallax_layout_bg_size_tablet&quot;:&quot;&quot;,&quot;jet_parallax_layout_bg_size_mobile&quot;:&quot;&quot;,&quot;jet_parallax_layout_animation_prop&quot;:&quot;transform&quot;,&quot;jet_parallax_layout_on&quot;:[&quot;desktop&quot;,&quot;tablet&quot;]}]}\">\n\t\t\t\t\t\t<div class=\"elementor-container elementor-column-gap-default\">\n\t\t\t\t\t<div class=\"elementor-column elementor-col-50 elementor-top-column elementor-element elementor-element-213a92e\" data-id=\"213a92e\" data-element_type=\"column\">\n\t\t\t<div class=\"elementor-widget-wrap elementor-element-populated\">\n\t\t\t\t\t\t<div class=\"elementor-element elementor-element-de6f532 elementor-widget elementor-widget-heading\" data-id=\"de6f532\" data-element_type=\"widget\" data-widget_type=\"heading.default\">\n\t\t\t\t<div class=\"elementor-widget-container\">\n\t\t\t\t\t<h2 class=\"elementor-heading-title elementor-size-default\">Condizioni generali di vendita<\/h2>\t\t\t\t<\/div>\n\t\t\t\t<\/div>\n\t\t\t\t\t<\/div>\n\t\t<\/div>\n\t\t\t\t<div class=\"elementor-column elementor-col-50 elementor-top-column elementor-element elementor-element-9d4a60a\" data-id=\"9d4a60a\" data-element_type=\"column\">\n\t\t\t<div class=\"elementor-widget-wrap elementor-element-populated\">\n\t\t\t\t\t\t<div class=\"elementor-element elementor-element-d526e12 elementor-widget elementor-widget-heading\" data-id=\"d526e12\" data-element_type=\"widget\" data-widget_type=\"heading.default\">\n\t\t\t\t<div class=\"elementor-widget-container\">\n\t\t\t\t\t<h2 class=\"elementor-heading-title elementor-size-default\"><a href=\"http:\/\/ideephotocontest.com\/\">Torna alla home<\/a><\/h2>\t\t\t\t<\/div>\n\t\t\t\t<\/div>\n\t\t\t\t\t<\/div>\n\t\t<\/div>\n\t\t\t\t\t<\/div>\n\t\t<\/section>\n\t\t\t\t<section class=\"elementor-section elementor-top-section elementor-element elementor-element-ce711c6 elementor-section-boxed elementor-section-height-default elementor-section-height-default\" data-id=\"ce711c6\" data-element_type=\"section\" data-settings=\"{&quot;jet_parallax_layout_list&quot;:[{&quot;jet_parallax_layout_image&quot;:{&quot;url&quot;:&quot;&quot;,&quot;id&quot;:&quot;&quot;,&quot;size&quot;:&quot;&quot;},&quot;_id&quot;:&quot;100e07d&quot;,&quot;jet_parallax_layout_image_tablet&quot;:{&quot;url&quot;:&quot;&quot;,&quot;id&quot;:&quot;&quot;,&quot;size&quot;:&quot;&quot;},&quot;jet_parallax_layout_image_mobile&quot;:{&quot;url&quot;:&quot;&quot;,&quot;id&quot;:&quot;&quot;,&quot;size&quot;:&quot;&quot;},&quot;jet_parallax_layout_speed&quot;:{&quot;unit&quot;:&quot;%&quot;,&quot;size&quot;:50,&quot;sizes&quot;:[]},&quot;jet_parallax_layout_type&quot;:&quot;scroll&quot;,&quot;jet_parallax_layout_direction&quot;:null,&quot;jet_parallax_layout_fx_direction&quot;:null,&quot;jet_parallax_layout_z_index&quot;:&quot;&quot;,&quot;jet_parallax_layout_bg_x&quot;:50,&quot;jet_parallax_layout_bg_x_tablet&quot;:&quot;&quot;,&quot;jet_parallax_layout_bg_x_mobile&quot;:&quot;&quot;,&quot;jet_parallax_layout_bg_y&quot;:50,&quot;jet_parallax_layout_bg_y_tablet&quot;:&quot;&quot;,&quot;jet_parallax_layout_bg_y_mobile&quot;:&quot;&quot;,&quot;jet_parallax_layout_bg_size&quot;:&quot;auto&quot;,&quot;jet_parallax_layout_bg_size_tablet&quot;:&quot;&quot;,&quot;jet_parallax_layout_bg_size_mobile&quot;:&quot;&quot;,&quot;jet_parallax_layout_animation_prop&quot;:&quot;transform&quot;,&quot;jet_parallax_layout_on&quot;:[&quot;desktop&quot;,&quot;tablet&quot;]}]}\">\n\t\t\t\t\t\t<div class=\"elementor-container elementor-column-gap-default\">\n\t\t\t\t\t<div class=\"elementor-column elementor-col-100 elementor-top-column elementor-element elementor-element-120b640\" data-id=\"120b640\" data-element_type=\"column\">\n\t\t\t<div class=\"elementor-widget-wrap elementor-element-populated\">\n\t\t\t\t\t\t<div class=\"elementor-element elementor-element-ee64ac6 elementor-widget elementor-widget-text-editor\" data-id=\"ee64ac6\" data-element_type=\"widget\" data-widget_type=\"text-editor.default\">\n\t\t\t\t<div class=\"elementor-widget-container\">\n\t\t\t\t\t\t\t\t\t<p>Sul sito sono indicati i requisiti hardware o software necessari perch\u00e9 il cliente possa usufruire del servizio. Il cliente si impegna a leggere attentamente tutte queste informazioni.<\/p><p>La partecipazione al concorso tramite pagamento della quota \u00e8 consentito alle persone giuridiche e alle persone fisiche che abbiano compiuto 18 anni di et\u00e0. In fase di acquisto dei prodotti il cliente \u00e8 tenuto a fornire a dati veritieri, corretti, completi e aggiornati.<\/p><p>La partecipazione \u00e8 confermata solo dopo l&#8217;invio delle foto, la compilazione della scheda di partecipazione e l&#8217;effettuazione del pagamento\u00a0 della quota.<\/p><p>Il cliente non ha diritto di recesso, di conseguenza non ha diritto al rimborso di quanto da lui pagato.<\/p><p>L&#8217;esclusione al diritto di recesso \u00e8 prevista ai sensi dell\u2019articolo 47, comma 2, del Codice del Consumo, che recita: &#8220;Le disposizioni relative inter alia al diritto di recesso non si applicano ai contratti negoziati fuori dai locali commerciali in base ai quali il corrispettivo che il consumatore deve pagare \u00e8 inferiore a 50 euro (cd. contratti di modesta entit\u00e0).&#8221;<\/p><p>L\u2019esclusione del diritto di recesso \u00e8 anche prevista dall\u2019art. 59 del Codice del consumo in caso di fornitura di contenuti digitali mediante supporti non materiali.<\/p><p>Nel caso di mancata partecipazione o di mancato inserimento dei file richiesti nel bando entro la chiusura del concorso, non verr\u00e0 restituita alcuna somma alla persona che non partecipa. Il partecipante dichiara altres\u00ec di essere a conoscenza che la partecipazione sar\u00e0 considerata effettiva dopo il pagamento della somma determinata.\u00a0<\/p><p>La somma determinata per l&#8217;acquisto \u00e8 da intendersi esclusivamente a titolo personale.\u00a0<\/p><p>Eventuali informazioni riguardanti il pagamento o altro verranno date esclusivamente alla persona registrata nel sito ideephotocontest.com.<\/p><p>AM PhotoIdeas non \u00e8 responsabile per disservizi dovuti a causa di forza maggiore o a caso fortuito, anche se dipendenti da malfunzionamenti e disservizi della rete internet, nel caso in cui il cliente non riesca a completare la partecipazione al concorso.<\/p><p>Nel caso di impossibilit\u00e0 di aprire la mostra nelle date indicate, AM PhotoIdeas e Universit\u00e0 degli Studi di Milano si impegnano a riprogrammare l&#8217;evento non appena sar\u00e0 possibile. Il partecipante dichiara di comprendere e accettare eventuali posticipazioni dell&#8217;evento non dipendenti dall&#8217;organizzazione senza richiedere alcun tipo di risarcimento.<\/p><p>La pubblicazione sulla rivista &#8220;Il Fotografo&#8221; avverr\u00e0 sul primo numero a disposizione.<\/p><p>In nessun caso verranno restituiti i file inseriti per partecipare al concorso.<\/p><p>Alla chiusura del concorso, avvenute le selezioni, la lista dei vincitori apparir\u00e0 sul sito ideephotocontest.com. Il vincitore del primo premio verr\u00e0 avvertito via email e telefonicamente. Qualora, entro una settimana, non riuscissimo a contattare il vincitore, il premio decadr\u00e0 e verr\u00e0 assegnato alla persona immediatamente successiva in graduatoria. Lo stesso dicasi per il premio in denaro. Il premio in denaro \u00e8 nominativo e verr\u00e0 corrisposto attraverso bonifico bancario. Esso potr\u00e0 essere riscosso fornendo entro 30 dieci giorni dalla proclamazione le proprie coordinate bancarie. Dopo tale data, il premio in denaro non sar\u00e0 pi\u00f9 disponibile e la cifra rester\u00e0 a disposizione dell&#8217;organizzazione.<\/p><p>Le decisioni della Giuria sono inappellabili e insindacabili. I\/le fotografi\/e premiati\/e hanno la facolt\u00e0 di rinunciare ai premi senza per\u00f2 chiedere nessuna forma di risarcimento, in tal caso il premio sar\u00e0 riassegnato secondo le classifiche stilate dalla giuria.\u00a0<\/p><p>Il vincitore si impegna a collaborare con la curatrice, Anna Mola per la creazione della mostra personale, fornendo immagini, testi scritti e quanto pu\u00f2 essere utile all&#8217;organizzazione per la creazione e la promozione dell&#8217;esposizione.<\/p><p>In nessun caso si potr\u00e0 richiedere di commutare i premi &#8220;mostra personale&#8221; e &#8220;convegno&#8221; nel suo corrispettivo in denaro.<\/p><p>I premi in denaro verranno effettuati tramite bonifico bancario a un conto intestato al vincitore\/vincitrice.<\/p><p>L\u2019accettazione di tutti i dati sopra indicati equivale ad un consenso totale riguardo i suoi termini.<\/p><p>Questo regolamento \u00e8 in vigore dal giorno 8 maggio 2025 e riguarda l&#8217;edizione di Idee Photo Contest del 2025.<\/p>\t\t\t\t\t\t\t\t<\/div>\n\t\t\t\t<\/div>\n\t\t\t\t\t<\/div>\n\t\t<\/div>\n\t\t\t\t\t<\/div>\n\t\t<\/section>\n\t\t\t\t<\/div>\n\t\t","protected":false},"excerpt":{"rendered":"<p>Condizioni generali di vendita Torna alla home Sul sito sono indicati i requisiti hardware o software necessari perch\u00e9 il cliente possa usufruire del servizio. Il cliente si impegna a leggere attentamente tutte queste informazioni. La partecipazione al concorso tramite pagamento della quota \u00e8 consentito alle persone giuridiche e alle persone fisiche che abbiano compiuto 18&hellip; <a class=\"more-link\" href=\"https:\/\/ideephotocontest.com\/index.php\/condizioni-di-vendita\/\">Continua a leggere <span class=\"screen-reader-text\">Condizioni di vendita di Idee Photo Contest<\/span><\/a><\/p>\n","protected":false},"author":1,"featured_media":0,"parent":0,"menu_order":0,"comment_status":"closed","ping_status":"closed","template":"elementor_canvas","meta":{"_acf_changed":false,"_mo_disable_npp":"","footnotes":""},"class_list":["post-218","page","type-page","status-publish","hentry","entry"],"acf":[],"yoast_head":"<!-- This site is optimized with the Yoast SEO Premium plugin v24.7 (Yoast SEO v24.7) - https:\/\/yoast.com\/wordpress\/plugins\/seo\/ -->\n<title>Condizioni di vendita di Idee Photo Contest - Idee Photo Contest<\/title>\n<meta name=\"robots\" content=\"index, follow, max-snippet:-1, max-image-preview:large, max-video-preview:-1\" \/>\n<link rel=\"canonical\" href=\"https:\/\/ideephotocontest.com\/index.php\/condizioni-di-vendita\/\" \/>\n<meta property=\"og:locale\" content=\"it_IT\" \/>\n<meta property=\"og:type\" content=\"article\" \/>\n<meta property=\"og:title\" content=\"Condizioni di vendita di Idee Photo Contest\" \/>\n<meta property=\"og:description\" content=\"Condizioni generali di vendita Torna alla home Sul sito sono indicati i requisiti hardware o software necessari perch\u00e9 il cliente possa usufruire del servizio. Il cliente si impegna a leggere attentamente tutte queste informazioni. La partecipazione al concorso tramite pagamento della quota \u00e8 consentito alle persone giuridiche e alle persone fisiche che abbiano compiuto 18&hellip; Continua a leggere Condizioni di vendita di Idee Photo Contest\" \/>\n<meta property=\"og:url\" content=\"https:\/\/ideephotocontest.com\/index.php\/condizioni-di-vendita\/\" \/>\n<meta property=\"og:site_name\" content=\"Idee Photo Contest\" \/>\n<meta property=\"article:modified_time\" content=\"2025-05-31T22:16:51+00:00\" \/>\n<meta name=\"twitter:card\" content=\"summary_large_image\" \/>\n<meta name=\"twitter:label1\" content=\"Tempo di lettura stimato\" \/>\n\t<meta name=\"twitter:data1\" content=\"4 minuti\" \/>\n<script type=\"application\/ld+json\" class=\"yoast-schema-graph\">{\"@context\":\"https:\/\/schema.org\",\"@graph\":[{\"@type\":\"WebPage\",\"@id\":\"https:\/\/ideephotocontest.com\/index.php\/condizioni-di-vendita\/\",\"url\":\"https:\/\/ideephotocontest.com\/index.php\/condizioni-di-vendita\/\",\"name\":\"Condizioni di vendita di Idee Photo Contest - Idee Photo Contest\",\"isPartOf\":{\"@id\":\"https:\/\/ideephotocontest.com\/#website\"},\"datePublished\":\"2021-02-28T20:21:26+00:00\",\"dateModified\":\"2025-05-31T22:16:51+00:00\",\"breadcrumb\":{\"@id\":\"https:\/\/ideephotocontest.com\/index.php\/condizioni-di-vendita\/#breadcrumb\"},\"inLanguage\":\"it-IT\",\"potentialAction\":[{\"@type\":\"ReadAction\",\"target\":[\"https:\/\/ideephotocontest.com\/index.php\/condizioni-di-vendita\/\"]}]},{\"@type\":\"BreadcrumbList\",\"@id\":\"https:\/\/ideephotocontest.com\/index.php\/condizioni-di-vendita\/#breadcrumb\",\"itemListElement\":[{\"@type\":\"ListItem\",\"position\":1,\"name\":\"Home\",\"item\":\"https:\/\/ideephotocontest.com\/\"},{\"@type\":\"ListItem\",\"position\":2,\"name\":\"Condizioni di vendita di Idee Photo Contest\"}]},{\"@type\":\"WebSite\",\"@id\":\"https:\/\/ideephotocontest.com\/#website\",\"url\":\"https:\/\/ideephotocontest.com\/\",\"name\":\"Idee Photo Contest\",\"description\":\"Concorso fotografico\",\"publisher\":{\"@id\":\"https:\/\/ideephotocontest.com\/#organization\"},\"potentialAction\":[{\"@type\":\"SearchAction\",\"target\":{\"@type\":\"EntryPoint\",\"urlTemplate\":\"https:\/\/ideephotocontest.com\/?s={search_term_string}\"},\"query-input\":{\"@type\":\"PropertyValueSpecification\",\"valueRequired\":true,\"valueName\":\"search_term_string\"}}],\"inLanguage\":\"it-IT\"},{\"@type\":\"Organization\",\"@id\":\"https:\/\/ideephotocontest.com\/#organization\",\"name\":\"Raw Photo Contest\",\"url\":\"https:\/\/ideephotocontest.com\/\",\"logo\":{\"@type\":\"ImageObject\",\"inLanguage\":\"it-IT\",\"@id\":\"https:\/\/ideephotocontest.com\/#\/schema\/logo\/image\/\",\"url\":\"https:\/\/ideephotocontest.com\/wp-content\/uploads\/2024\/03\/White-Black-Modern-Photography-Logo-2-1.png\",\"contentUrl\":\"https:\/\/ideephotocontest.com\/wp-content\/uploads\/2024\/03\/White-Black-Modern-Photography-Logo-2-1.png\",\"width\":342,\"height\":342,\"caption\":\"Raw Photo Contest\"},\"image\":{\"@id\":\"https:\/\/ideephotocontest.com\/#\/schema\/logo\/image\/\"}}]}<\/script>\n<!-- \/ Yoast SEO Premium plugin. -->","yoast_head_json":{"title":"Condizioni di vendita di Idee Photo Contest - Idee Photo Contest","robots":{"index":"index","follow":"follow","max-snippet":"max-snippet:-1","max-image-preview":"max-image-preview:large","max-video-preview":"max-video-preview:-1"},"canonical":"https:\/\/ideephotocontest.com\/index.php\/condizioni-di-vendita\/","og_locale":"it_IT","og_type":"article","og_title":"Condizioni di vendita di Idee Photo Contest","og_description":"Condizioni generali di vendita Torna alla home Sul sito sono indicati i requisiti hardware o software necessari perch\u00e9 il cliente possa usufruire del servizio. Il cliente si impegna a leggere attentamente tutte queste informazioni. La partecipazione al concorso tramite pagamento della quota \u00e8 consentito alle persone giuridiche e alle persone fisiche che abbiano compiuto 18&hellip; Continua a leggere Condizioni di vendita di Idee Photo Contest","og_url":"https:\/\/ideephotocontest.com\/index.php\/condizioni-di-vendita\/","og_site_name":"Idee Photo Contest","article_modified_time":"2025-05-31T22:16:51+00:00","twitter_card":"summary_large_image","twitter_misc":{"Tempo di lettura stimato":"4 minuti"},"schema":{"@context":"https:\/\/schema.org","@graph":[{"@type":"WebPage","@id":"https:\/\/ideephotocontest.com\/index.php\/condizioni-di-vendita\/","url":"https:\/\/ideephotocontest.com\/index.php\/condizioni-di-vendita\/","name":"Condizioni di vendita di Idee Photo Contest - Idee Photo Contest","isPartOf":{"@id":"https:\/\/ideephotocontest.com\/#website"},"datePublished":"2021-02-28T20:21:26+00:00","dateModified":"2025-05-31T22:16:51+00:00","breadcrumb":{"@id":"https:\/\/ideephotocontest.com\/index.php\/condizioni-di-vendita\/#breadcrumb"},"inLanguage":"it-IT","potentialAction":[{"@type":"ReadAction","target":["https:\/\/ideephotocontest.com\/index.php\/condizioni-di-vendita\/"]}]},{"@type":"BreadcrumbList","@id":"https:\/\/ideephotocontest.com\/index.php\/condizioni-di-vendita\/#breadcrumb","itemListElement":[{"@type":"ListItem","position":1,"name":"Home","item":"https:\/\/ideephotocontest.com\/"},{"@type":"ListItem","position":2,"name":"Condizioni di vendita di Idee Photo Contest"}]},{"@type":"WebSite","@id":"https:\/\/ideephotocontest.com\/#website","url":"https:\/\/ideephotocontest.com\/","name":"Idee Photo Contest","description":"Concorso fotografico","publisher":{"@id":"https:\/\/ideephotocontest.com\/#organization"},"potentialAction":[{"@type":"SearchAction","target":{"@type":"EntryPoint","urlTemplate":"https:\/\/ideephotocontest.com\/?s={search_term_string}"},"query-input":{"@type":"PropertyValueSpecification","valueRequired":true,"valueName":"search_term_string"}}],"inLanguage":"it-IT"},{"@type":"Organization","@id":"https:\/\/ideephotocontest.com\/#organization","name":"Raw Photo Contest","url":"https:\/\/ideephotocontest.com\/","logo":{"@type":"ImageObject","inLanguage":"it-IT","@id":"https:\/\/ideephotocontest.com\/#\/schema\/logo\/image\/","url":"https:\/\/ideephotocontest.com\/wp-content\/uploads\/2024\/03\/White-Black-Modern-Photography-Logo-2-1.png","contentUrl":"https:\/\/ideephotocontest.com\/wp-content\/uploads\/2024\/03\/White-Black-Modern-Photography-Logo-2-1.png","width":342,"height":342,"caption":"Raw Photo Contest"},"image":{"@id":"https:\/\/ideephotocontest.com\/#\/schema\/logo\/image\/"}}]}},"_links":{"self":[{"href":"https:\/\/ideephotocontest.com\/index.php\/wp-json\/wp\/v2\/pages\/218","targetHints":{"allow":["GET"]}}],"collection":[{"href":"https:\/\/ideephotocontest.com\/index.php\/wp-json\/wp\/v2\/pages"}],"about":[{"href":"https:\/\/ideephotocontest.com\/index.php\/wp-json\/wp\/v2\/types\/page"}],"author":[{"embeddable":true,"href":"https:\/\/ideephotocontest.com\/index.php\/wp-json\/wp\/v2\/users\/1"}],"replies":[{"embeddable":true,"href":"https:\/\/ideephotocontest.com\/index.php\/wp-json\/wp\/v2\/comments?post=218"}],"version-history":[{"count":69,"href":"https:\/\/ideephotocontest.com\/index.php\/wp-json\/wp\/v2\/pages\/218\/revisions"}],"predecessor-version":[{"id":3349,"href":"https:\/\/ideephotocontest.com\/index.php\/wp-json\/wp\/v2\/pages\/218\/revisions\/3349"}],"wp:attachment":[{"href":"https:\/\/ideephotocontest.com\/index.php\/wp-json\/wp\/v2\/media?parent=218"}],"curies":[{"name":"wp","href":"https:\/\/api.w.org\/{rel}","templated":true}]}}