{"id":213,"date":"2021-02-28T21:14:57","date_gmt":"2021-02-28T20:14:57","guid":{"rendered":"http:\/\/ideephotocontest.com\/?page_id=213"},"modified":"2023-03-10T16:23:08","modified_gmt":"2023-03-10T15:23:08","slug":"privacy-policy","status":"publish","type":"page","link":"https:\/\/ideephotocontest.com\/index.php\/privacy-policy\/","title":{"rendered":"Privacy policy of Idee Photo Contest"},"content":{"rendered":"\t\t<div data-elementor-type=\"wp-page\" data-elementor-id=\"213\" class=\"elementor elementor-213\" data-elementor-post-type=\"page\">\n\t\t\t\t\t\t<section class=\"elementor-section elementor-top-section elementor-element elementor-element-09d96cd elementor-section-boxed elementor-section-height-default elementor-section-height-default\" data-id=\"09d96cd\" data-element_type=\"section\" data-settings=\"{&quot;jet_parallax_layout_list&quot;:[{&quot;jet_parallax_layout_image&quot;:{&quot;url&quot;:&quot;&quot;,&quot;id&quot;:&quot;&quot;,&quot;size&quot;:&quot;&quot;},&quot;_id&quot;:&quot;4219b91&quot;,&quot;jet_parallax_layout_image_tablet&quot;:{&quot;url&quot;:&quot;&quot;,&quot;id&quot;:&quot;&quot;,&quot;size&quot;:&quot;&quot;},&quot;jet_parallax_layout_image_mobile&quot;:{&quot;url&quot;:&quot;&quot;,&quot;id&quot;:&quot;&quot;,&quot;size&quot;:&quot;&quot;},&quot;jet_parallax_layout_speed&quot;:{&quot;unit&quot;:&quot;%&quot;,&quot;size&quot;:50,&quot;sizes&quot;:[]},&quot;jet_parallax_layout_type&quot;:&quot;scroll&quot;,&quot;jet_parallax_layout_direction&quot;:null,&quot;jet_parallax_layout_fx_direction&quot;:null,&quot;jet_parallax_layout_z_index&quot;:&quot;&quot;,&quot;jet_parallax_layout_bg_x&quot;:50,&quot;jet_parallax_layout_bg_x_tablet&quot;:&quot;&quot;,&quot;jet_parallax_layout_bg_x_mobile&quot;:&quot;&quot;,&quot;jet_parallax_layout_bg_y&quot;:50,&quot;jet_parallax_layout_bg_y_tablet&quot;:&quot;&quot;,&quot;jet_parallax_layout_bg_y_mobile&quot;:&quot;&quot;,&quot;jet_parallax_layout_bg_size&quot;:&quot;auto&quot;,&quot;jet_parallax_layout_bg_size_tablet&quot;:&quot;&quot;,&quot;jet_parallax_layout_bg_size_mobile&quot;:&quot;&quot;,&quot;jet_parallax_layout_animation_prop&quot;:&quot;transform&quot;,&quot;jet_parallax_layout_on&quot;:[&quot;desktop&quot;,&quot;tablet&quot;]}]}\">\n\t\t\t\t\t\t<div class=\"elementor-container elementor-column-gap-default\">\n\t\t\t\t\t<div class=\"elementor-column elementor-col-50 elementor-top-column elementor-element elementor-element-571541b\" data-id=\"571541b\" data-element_type=\"column\">\n\t\t\t<div class=\"elementor-widget-wrap elementor-element-populated\">\n\t\t\t\t\t\t<div class=\"elementor-element elementor-element-ca090f2 elementor-widget elementor-widget-heading\" data-id=\"ca090f2\" data-element_type=\"widget\" data-widget_type=\"heading.default\">\n\t\t\t\t<div class=\"elementor-widget-container\">\n\t\t\t\t\t<h2 class=\"elementor-heading-title elementor-size-default\">Privacy Policy<\/h2>\t\t\t\t<\/div>\n\t\t\t\t<\/div>\n\t\t\t\t\t<\/div>\n\t\t<\/div>\n\t\t\t\t<div class=\"elementor-column elementor-col-50 elementor-top-column elementor-element elementor-element-2c7c087\" data-id=\"2c7c087\" data-element_type=\"column\">\n\t\t\t<div class=\"elementor-widget-wrap elementor-element-populated\">\n\t\t\t\t\t\t<div class=\"elementor-element elementor-element-dddaf17 elementor-widget elementor-widget-heading\" data-id=\"dddaf17\" data-element_type=\"widget\" data-widget_type=\"heading.default\">\n\t\t\t\t<div class=\"elementor-widget-container\">\n\t\t\t\t\t<h2 class=\"elementor-heading-title elementor-size-default\"><a href=\"http:\/\/ideephotocontest.com\/\">Torna alla home<\/a><\/h2>\t\t\t\t<\/div>\n\t\t\t\t<\/div>\n\t\t\t\t\t<\/div>\n\t\t<\/div>\n\t\t\t\t\t<\/div>\n\t\t<\/section>\n\t\t\t\t<section class=\"elementor-section elementor-top-section elementor-element elementor-element-40c003b elementor-section-boxed elementor-section-height-default elementor-section-height-default\" data-id=\"40c003b\" data-element_type=\"section\" data-settings=\"{&quot;jet_parallax_layout_list&quot;:[{&quot;jet_parallax_layout_image&quot;:{&quot;url&quot;:&quot;&quot;,&quot;id&quot;:&quot;&quot;,&quot;size&quot;:&quot;&quot;},&quot;_id&quot;:&quot;6bc74c2&quot;,&quot;jet_parallax_layout_image_tablet&quot;:{&quot;url&quot;:&quot;&quot;,&quot;id&quot;:&quot;&quot;,&quot;size&quot;:&quot;&quot;},&quot;jet_parallax_layout_image_mobile&quot;:{&quot;url&quot;:&quot;&quot;,&quot;id&quot;:&quot;&quot;,&quot;size&quot;:&quot;&quot;},&quot;jet_parallax_layout_speed&quot;:{&quot;unit&quot;:&quot;%&quot;,&quot;size&quot;:50,&quot;sizes&quot;:[]},&quot;jet_parallax_layout_type&quot;:&quot;scroll&quot;,&quot;jet_parallax_layout_direction&quot;:null,&quot;jet_parallax_layout_fx_direction&quot;:null,&quot;jet_parallax_layout_z_index&quot;:&quot;&quot;,&quot;jet_parallax_layout_bg_x&quot;:50,&quot;jet_parallax_layout_bg_x_tablet&quot;:&quot;&quot;,&quot;jet_parallax_layout_bg_x_mobile&quot;:&quot;&quot;,&quot;jet_parallax_layout_bg_y&quot;:50,&quot;jet_parallax_layout_bg_y_tablet&quot;:&quot;&quot;,&quot;jet_parallax_layout_bg_y_mobile&quot;:&quot;&quot;,&quot;jet_parallax_layout_bg_size&quot;:&quot;auto&quot;,&quot;jet_parallax_layout_bg_size_tablet&quot;:&quot;&quot;,&quot;jet_parallax_layout_bg_size_mobile&quot;:&quot;&quot;,&quot;jet_parallax_layout_animation_prop&quot;:&quot;transform&quot;,&quot;jet_parallax_layout_on&quot;:[&quot;desktop&quot;,&quot;tablet&quot;]}]}\">\n\t\t\t\t\t\t<div class=\"elementor-container elementor-column-gap-default\">\n\t\t\t\t\t<div class=\"elementor-column elementor-col-100 elementor-top-column elementor-element elementor-element-c4b7be9\" data-id=\"c4b7be9\" data-element_type=\"column\">\n\t\t\t<div class=\"elementor-widget-wrap elementor-element-populated\">\n\t\t\t\t\t\t<div class=\"elementor-element elementor-element-3921b77 elementor-widget elementor-widget-text-editor\" data-id=\"3921b77\" data-element_type=\"widget\" data-widget_type=\"text-editor.default\">\n\t\t\t\t<div class=\"elementor-widget-container\">\n\t\t\t\t\t\t\t\t\t<p><strong>Informativa ai sensi dell&#8217;art. 13 del Codice della Privacy<\/strong><\/p><p><b>Ai sensi dell&#8217;articolo 13 del codice della D.Lgs. 196\/2003, vi rendiamo le seguenti informazioni.<\/b><\/p><p>Noi di\u00a0<strong>www.amphotoideas.com<\/strong>\u00a0riteniamo che la privacy dei nostri visitatori sia estremamente importante. Questo documento descrive dettagliatamente i tipi di informazioni personali raccolti e registrati dal nostro sito e come essi vengano utilizzati.<\/p><h3>File di Registrazione (Log Files)<\/h3><p>Come molti altri siti web, il nostro utilizza file di log. Questi file registrano semplicemente i visitatori del sito &#8211; di solito una procedura standard delle aziende di hosting e dei servizi di analisi degli hosting.<\/p><p>Le informazioni contenute nei file di registro comprendono indirizzi di protocollo Internet (IP), il tipo di browser, Internet Service Provider (ISP), informazioni come data e ora, pagine referral, pagine d&#8217;uscita ed entrata o il numero di clic.<\/p><p>Queste informazioni vengono utilizzate per analizzare le tendenze, amministrare il sito, monitorare il movimento degli utenti sul sito e raccogliere informazioni demografiche. Gli indirizzi IP e le altre informazioni non sono collegate a informazioni personali che possono essere identificate, dunque\u00a0<strong>tutti i dati sono raccolti in forma assolutamente anonima<\/strong>.<\/p><h3>File caricati dall&#8217;utente (immagini e scheda di partecipazione)<\/h3><div><p>Le immagini e le schede di partecipazione caricate dall&#8217;utente al fine di partecipare al concorso saranno visibili solo dagli organizzatori (AM PhotoIdeas) e dai membri della giuria. Tutto il materiale verr\u00e0 eliminato dopo un mese dalla proclamazione dei vincitori. In nessun caso le immagini verranno utilizzate per scopi commerciali o altri scopi non indicati.\u00a0<\/p><div>I\/le vincitori\/trici cedono all\u2019organizzazione, senza corrispettivo alcuno, i diritti di riproduzione, esposizione, pubblicazione, traduzione e comunicazione al pubblico delle immagini e dei testi inviati, per il tempo necessario alla promozione del concorso \u201cIdee Photo Contest\u201d e della mostra, con qualsiasi modalit\u00e0 e nessuna esclusa.\u00a0\u00a0<\/div><div>L&#8217;artista dichiara sotto la propria responsabilit\u00e0 di essere l&#8217;autore dell\u2019opera esposta, di possederne la titolarit\u00e0 esclusiva, con riguardo sia al diritto d\u2019autore che allo sfruttamento economico e pertanto non esiste nessun diritto di privativa da parte di terzi.\u00a0<\/div><\/div><h4><span style=\"color: #333333; font-family: var( --e-global-typography-text-font-family ), Sans-serif; font-size: 1.618em; font-weight: var( --e-global-typography-text-font-weight );\"><br \/>Questo sito web utilizza i Cookies<\/span><\/h4><div><p>I cookies sono piccoli file di testo che vengono automaticamente posizionati sul PC del navigatore all\u2019interno del browser. Essi contengono informazioni di base sulla navigazione in Internet e grazie al browser vengono riconosciuti ogni volta che l\u2019utente visita il sito.<\/p><h3>Cookie Policy<\/h3><p>Questo sito utilizza cookies, anche di terze parti, per migliorarne l\u2019esperienza di navigazione, consentire a chi naviga di usufruire di eventuali servizi online e monitorare la navigazione nel sito.<\/p><h3>Come disabilitare i Cookies<\/h3><p>E\u2019 possibile disabilitare i cookies direttamente dal browser utilizzato, accedendo alle impostazioni (preferenze oppure opzioni): questa scelta potrebbe limitare alcune funzionalit\u00e0 di navigazione del sito.<\/p><h3>Gestione dei Cookies<\/h3><p>I cookies utilizzati in questo sito possono rientrare nelle categorie descritte di seguito.<\/p><ul><li><strong>Attivit\u00e0 strettamente necessarie al funzionamento<\/strong><br \/>Questi cookies hanno natura tecnica e permettono al sito di funzionare correttamente. Ad esempio, mantengono l\u2019utente collegato durante la navigazione evitando che il sito richieda di collegarsi pi\u00f9 volte per accedere alle pagine successive.<\/li><li><strong>Attivit\u00e0 di salvataggio delle preferenze<\/strong><br \/>Questi cookie permettono di ricordare le preferenze selezionate dall\u2019utente durante la navigazione, ad esempio, consentono di impostare la lingua.<\/li><li><strong>Attivit\u00e0 Statistiche e di Misurazione dell\u2019audience (es: Google Analytics)<\/strong><br \/>Questi cookie ci aiutano a capire, attraverso dati raccolti in forma anonima e aggregata, come gli utenti interagiscono con i siti internet fornendo informazioni relative alle sezioni visitate, il tempo trascorso sul sito, eventuali malfunzionamenti. Questo aiuta a migliorare la resa dei siti internet.<\/li><li><strong>Cookie di social media (es: Facebook)<\/strong><br \/>Questi cookie di terza parte vengono utilizzati per integrare alcune diffuse funzionalit\u00e0 dei principali social media e fornirle all\u2019interno del sito. In particolare permettono la registrazione e l\u2019autenticazione sul sito tramite facebook e google connect, la condivisione e i commenti di pagine del sito sui social, abilitano le funzionalit\u00e0 del \u201cmi piace\u201d su Facebook e del \u201c+1\u2033 su G+.<\/li><\/ul><\/div><div><h3>Fornitori di terze parti<\/h3><p>I fornitori di terze parti, tra cui Google, utilizzano cookie per pubblicare annunci in base alle precedenti visite di un utente su questo sito.<\/p><p>L&#8217;utilizzo dei cookie per la pubblicit\u00e0 consente a Google e ai suoi partner di pubblicare annunci per gli utenti di questo sito (e su altri siti) in base ai dati statistici raccolti su questo sito e sui siti web dei partner Google.<\/p><p>Gli utenti possono scegliere di disattivare la pubblicit\u00e0 personalizzata, visitando la pagina\u00a0<a href=\"https:\/\/www.google.com\/settings\/ads\" target=\"_blank\" rel=\"noopener\">Impostazioni annunci<\/a>.<\/p><p>Visitando la pagina www.aboutads.info potrai disattivare i cookies dei fornitori di terze parti.<\/p><\/div><h3>Finalit\u00e0 del trattamento<\/h3><p>I dati possono essere raccolti per una o pi\u00f9 delle seguenti finalit\u00e0:<\/p><ul><li>fornire l&#8217;accesso ad aree riservate del Portale e di Portali\/siti collegati con il presente e all&#8217;invio di comunicazioni anche di carattere commerciale, notizie, aggiornamenti sulle iniziative di questo sito e delle societ\u00e0 da essa controllate e\/o collegate e\/o Sponsor.<\/li><li>eventuale cessione a terzi dei suddetti dati, sempre finalizzata alla realizzazione di campagne di email marketing ed all&#8217;invio di comunicazioni di carattere commerciale.<\/li><li>eseguire gli obblighi previsti da leggi o regolamenti;<\/li><li>gestione contatti;<\/li><\/ul><h3>Modalit\u00e0 del trattamento<\/h3><p>I dati verranno trattati con le seguenti modalit\u00e0:<\/p><ul><li>raccolta dati con modalit\u00e0 single-opt, in apposito database;<\/li><li>registrazione ed elaborazione su supporto cartaceo e\/o magnetico;<\/li><li>organizzazione degli archivi in forma prevalentemente automatizzata, ai sensi del Disciplinare Tecnico in materia di misure minime di sicurezza, Allegato B del Codice della Privacy.<\/li><li>per inviare email relative al concorso.<\/li><\/ul><h3>Natura obbligatoria<\/h3><p>Tutti i dati richiesti sono obbligatori.<\/p><div><h3>Soggetti a cui dati potranno essere comunicati i dati personali<\/h3><p>I dati raccolti potranno essere comunicati a:<\/p><ul><li>societ\u00e0 e imprese per usi di direct mailing o attivit\u00e0 analoghe;<\/li><li>associazioni e fondazioni intenzionate ad acquistare spazi pubblicitari sulle liste o sul sito e\/o collegate alla fornitura di un particolare servizio.<\/li><li>soggetti che debbano avere accesso ai dati, come da norme di legge o di normative secondarie e\/o comunitarie.<\/li><\/ul><\/div><h3>Diritti dell&#8217;interessato<\/h3><p>Ai sensi ai sensi dell&#8217;art. 7 (Diritto di accesso ai dati personali ed altri diritti) del Codice della Privacy, vi segnaliamo che i vostri diritti in ordine al trattamento dei dati sono:<\/p><ul><li>conoscere, mediante accesso gratuito l&#8217;esistenza di trattamenti di dati che possano riguardarvi;<\/li><li>essere informati sulla natura e sulle finalit\u00e0 del trattamento<\/li><li>ottenere a cura del titolare, senza ritardo:<ul><li>la conferma dell&#8217;esistenza o meno di dati personali che vi riguardano, anche se non ancora registrati, e la comunicazione in forma intellegibile dei medesimi dati e della loro origine, nonch\u00e9 della logica e delle finalit\u00e0 su cui si basa il trattamento; la richiesta pu\u00f2 essere rinnovata, salva l&#8217;esistenza di giustificati motivi, con intervallo non minore di novanta giorni;<\/li><li>la cancellazione, la trasformazione in forma anonima o il blocco dei dati trattati in violazione di legge, compresi quelli di cui non \u00e8 necessaria la conservazione in relazione agli scopi per i quali i dati sono stati raccolti o successivamente trattati;<\/li><li>l&#8217;aggiornamento, la rettifica ovvero, qualora vi abbia interesse, l&#8217;integrazione dei dati esistenti;<\/li><li>opporvi in tutto o in parte per motivi legittimi al trattamento dei dati personali che vi riguardano ancorch\u00e9 pertinenti allo scopo della raccolta;<\/li><\/ul><\/li><\/ul><p>Vi segnaliamo che il titolare del trattamento ad ogni effetto di legge \u00e8:<\/p><ul><li><b>Am Photo Ideas<\/b><\/li><li>E-mail: <strong>hello@amphotoideas.com<\/strong><\/li><\/ul><p>Per esercitare i diritti previsti all&#8217;art. 7 del Codice della Privacy ovvero per la cancellazione dei vostri dati dall&#8217;archivio, \u00e8 sufficiente contattarci attraverso uno dei canali messi a disposizione.<\/p><p>Tutti i dati sono protetti attraverso l&#8217;uso di antivirus, firewall e protezione attraverso password.<\/p><h3>Informazioni per i bambini<\/h3><p>Riteniamo importante assicurare una protezione aggiunta ai bambini online. Noi incoraggiamo i genitori e i tutori a trascorrere del tempo online con i loro figli per osservare, partecipare e\/o monitorare e guidare la loro attivit\u00e0 online. Noi non raccogliamo dati personali di minori. Se un genitore o un tutore crede che il nostro sito abbia nel suo database le informazioni personali di un bambino, vi preghiamo di contattarci immediatamente (utilizzando la mail fornita) e faremo di tutto per rimuovere tali informazioni il pi\u00f9 presto possibile.<\/p><p>Questa politica sulla privacy si applica solo alle nostre attivit\u00e0 online ed \u00e8 valida per i visitatori del nostro sito web e per quanto riguarda le informazioni condivise e\/o raccolte. Questa politica non si applica a qualsiasi informazione raccolta in modalit\u00e0 offline o tramite canali diversi da questo sito web.<\/p><h3>Consenso<\/h3><p>Usando il nostro sito web, si acconsente alla nostra politica sulla privacy e si accettano i suoi termini. Se si desiderano ulteriori informazioni o si hanno domande sulla nostra politica sulla privacy non si esiti a contattarci.<\/p>\t\t\t\t\t\t\t\t<\/div>\n\t\t\t\t<\/div>\n\t\t\t\t\t<\/div>\n\t\t<\/div>\n\t\t\t\t\t<\/div>\n\t\t<\/section>\n\t\t\t\t<\/div>\n\t\t","protected":false},"excerpt":{"rendered":"<p>Privacy Policy Torna alla home Informativa ai sensi dell&#8217;art. 13 del Codice della Privacy Ai sensi dell&#8217;articolo 13 del codice della D.Lgs. 196\/2003, vi rendiamo le seguenti informazioni. Noi di\u00a0www.amphotoideas.com\u00a0riteniamo che la privacy dei nostri visitatori sia estremamente importante. Questo documento descrive dettagliatamente i tipi di informazioni personali raccolti e registrati dal nostro sito e&hellip; <a class=\"more-link\" href=\"https:\/\/ideephotocontest.com\/index.php\/privacy-policy\/\">Continua a leggere <span class=\"screen-reader-text\">Privacy policy of Idee Photo Contest<\/span><\/a><\/p>\n","protected":false},"author":1,"featured_media":0,"parent":0,"menu_order":0,"comment_status":"closed","ping_status":"closed","template":"elementor_canvas","meta":{"_acf_changed":false,"_mo_disable_npp":"","footnotes":""},"class_list":["post-213","page","type-page","status-publish","hentry","entry"],"acf":[],"yoast_head":"<!-- This site is optimized with the Yoast SEO Premium plugin v24.7 (Yoast SEO v24.7) - https:\/\/yoast.com\/wordpress\/plugins\/seo\/ -->\n<title>Privacy policy of Idee Photo Contest - Idee Photo Contest<\/title>\n<meta name=\"robots\" content=\"index, follow, max-snippet:-1, max-image-preview:large, max-video-preview:-1\" \/>\n<link rel=\"canonical\" href=\"https:\/\/ideephotocontest.com\/index.php\/privacy-policy\/\" \/>\n<meta property=\"og:locale\" content=\"it_IT\" \/>\n<meta property=\"og:type\" content=\"article\" \/>\n<meta property=\"og:title\" content=\"Privacy policy of Idee Photo Contest\" \/>\n<meta property=\"og:description\" content=\"Privacy Policy Torna alla home Informativa ai sensi dell&#8217;art. 13 del Codice della Privacy Ai sensi dell&#8217;articolo 13 del codice della D.Lgs. 196\/2003, vi rendiamo le seguenti informazioni. Noi di\u00a0www.amphotoideas.com\u00a0riteniamo che la privacy dei nostri visitatori sia estremamente importante. Questo documento descrive dettagliatamente i tipi di informazioni personali raccolti e registrati dal nostro sito e&hellip; Continua a leggere Privacy policy of Idee Photo Contest\" \/>\n<meta property=\"og:url\" content=\"https:\/\/ideephotocontest.com\/index.php\/privacy-policy\/\" \/>\n<meta property=\"og:site_name\" content=\"Idee Photo Contest\" \/>\n<meta property=\"article:modified_time\" content=\"2023-03-10T15:23:08+00:00\" \/>\n<meta name=\"twitter:card\" content=\"summary_large_image\" \/>\n<meta name=\"twitter:label1\" content=\"Tempo di lettura stimato\" \/>\n\t<meta name=\"twitter:data1\" content=\"7 minuti\" \/>\n<script type=\"application\/ld+json\" class=\"yoast-schema-graph\">{\"@context\":\"https:\/\/schema.org\",\"@graph\":[{\"@type\":\"WebPage\",\"@id\":\"https:\/\/ideephotocontest.com\/index.php\/privacy-policy\/\",\"url\":\"https:\/\/ideephotocontest.com\/index.php\/privacy-policy\/\",\"name\":\"Privacy policy of Idee Photo Contest - Idee Photo Contest\",\"isPartOf\":{\"@id\":\"https:\/\/ideephotocontest.com\/#website\"},\"datePublished\":\"2021-02-28T20:14:57+00:00\",\"dateModified\":\"2023-03-10T15:23:08+00:00\",\"breadcrumb\":{\"@id\":\"https:\/\/ideephotocontest.com\/index.php\/privacy-policy\/#breadcrumb\"},\"inLanguage\":\"it-IT\",\"potentialAction\":[{\"@type\":\"ReadAction\",\"target\":[\"https:\/\/ideephotocontest.com\/index.php\/privacy-policy\/\"]}]},{\"@type\":\"BreadcrumbList\",\"@id\":\"https:\/\/ideephotocontest.com\/index.php\/privacy-policy\/#breadcrumb\",\"itemListElement\":[{\"@type\":\"ListItem\",\"position\":1,\"name\":\"Home\",\"item\":\"https:\/\/ideephotocontest.com\/\"},{\"@type\":\"ListItem\",\"position\":2,\"name\":\"Privacy policy of Idee Photo Contest\"}]},{\"@type\":\"WebSite\",\"@id\":\"https:\/\/ideephotocontest.com\/#website\",\"url\":\"https:\/\/ideephotocontest.com\/\",\"name\":\"Idee Photo Contest\",\"description\":\"Concorso fotografico\",\"publisher\":{\"@id\":\"https:\/\/ideephotocontest.com\/#organization\"},\"potentialAction\":[{\"@type\":\"SearchAction\",\"target\":{\"@type\":\"EntryPoint\",\"urlTemplate\":\"https:\/\/ideephotocontest.com\/?s={search_term_string}\"},\"query-input\":{\"@type\":\"PropertyValueSpecification\",\"valueRequired\":true,\"valueName\":\"search_term_string\"}}],\"inLanguage\":\"it-IT\"},{\"@type\":\"Organization\",\"@id\":\"https:\/\/ideephotocontest.com\/#organization\",\"name\":\"Raw Photo Contest\",\"url\":\"https:\/\/ideephotocontest.com\/\",\"logo\":{\"@type\":\"ImageObject\",\"inLanguage\":\"it-IT\",\"@id\":\"https:\/\/ideephotocontest.com\/#\/schema\/logo\/image\/\",\"url\":\"https:\/\/ideephotocontest.com\/wp-content\/uploads\/2024\/03\/White-Black-Modern-Photography-Logo-2-1.png\",\"contentUrl\":\"https:\/\/ideephotocontest.com\/wp-content\/uploads\/2024\/03\/White-Black-Modern-Photography-Logo-2-1.png\",\"width\":342,\"height\":342,\"caption\":\"Raw Photo Contest\"},\"image\":{\"@id\":\"https:\/\/ideephotocontest.com\/#\/schema\/logo\/image\/\"}}]}<\/script>\n<!-- \/ Yoast SEO Premium plugin. -->","yoast_head_json":{"title":"Privacy policy of Idee Photo Contest - Idee Photo Contest","robots":{"index":"index","follow":"follow","max-snippet":"max-snippet:-1","max-image-preview":"max-image-preview:large","max-video-preview":"max-video-preview:-1"},"canonical":"https:\/\/ideephotocontest.com\/index.php\/privacy-policy\/","og_locale":"it_IT","og_type":"article","og_title":"Privacy policy of Idee Photo Contest","og_description":"Privacy Policy Torna alla home Informativa ai sensi dell&#8217;art. 13 del Codice della Privacy Ai sensi dell&#8217;articolo 13 del codice della D.Lgs. 196\/2003, vi rendiamo le seguenti informazioni. Noi di\u00a0www.amphotoideas.com\u00a0riteniamo che la privacy dei nostri visitatori sia estremamente importante. Questo documento descrive dettagliatamente i tipi di informazioni personali raccolti e registrati dal nostro sito e&hellip; Continua a leggere Privacy policy of Idee Photo Contest","og_url":"https:\/\/ideephotocontest.com\/index.php\/privacy-policy\/","og_site_name":"Idee Photo Contest","article_modified_time":"2023-03-10T15:23:08+00:00","twitter_card":"summary_large_image","twitter_misc":{"Tempo di lettura stimato":"7 minuti"},"schema":{"@context":"https:\/\/schema.org","@graph":[{"@type":"WebPage","@id":"https:\/\/ideephotocontest.com\/index.php\/privacy-policy\/","url":"https:\/\/ideephotocontest.com\/index.php\/privacy-policy\/","name":"Privacy policy of Idee Photo Contest - Idee Photo Contest","isPartOf":{"@id":"https:\/\/ideephotocontest.com\/#website"},"datePublished":"2021-02-28T20:14:57+00:00","dateModified":"2023-03-10T15:23:08+00:00","breadcrumb":{"@id":"https:\/\/ideephotocontest.com\/index.php\/privacy-policy\/#breadcrumb"},"inLanguage":"it-IT","potentialAction":[{"@type":"ReadAction","target":["https:\/\/ideephotocontest.com\/index.php\/privacy-policy\/"]}]},{"@type":"BreadcrumbList","@id":"https:\/\/ideephotocontest.com\/index.php\/privacy-policy\/#breadcrumb","itemListElement":[{"@type":"ListItem","position":1,"name":"Home","item":"https:\/\/ideephotocontest.com\/"},{"@type":"ListItem","position":2,"name":"Privacy policy of Idee Photo Contest"}]},{"@type":"WebSite","@id":"https:\/\/ideephotocontest.com\/#website","url":"https:\/\/ideephotocontest.com\/","name":"Idee Photo Contest","description":"Concorso fotografico","publisher":{"@id":"https:\/\/ideephotocontest.com\/#organization"},"potentialAction":[{"@type":"SearchAction","target":{"@type":"EntryPoint","urlTemplate":"https:\/\/ideephotocontest.com\/?s={search_term_string}"},"query-input":{"@type":"PropertyValueSpecification","valueRequired":true,"valueName":"search_term_string"}}],"inLanguage":"it-IT"},{"@type":"Organization","@id":"https:\/\/ideephotocontest.com\/#organization","name":"Raw Photo Contest","url":"https:\/\/ideephotocontest.com\/","logo":{"@type":"ImageObject","inLanguage":"it-IT","@id":"https:\/\/ideephotocontest.com\/#\/schema\/logo\/image\/","url":"https:\/\/ideephotocontest.com\/wp-content\/uploads\/2024\/03\/White-Black-Modern-Photography-Logo-2-1.png","contentUrl":"https:\/\/ideephotocontest.com\/wp-content\/uploads\/2024\/03\/White-Black-Modern-Photography-Logo-2-1.png","width":342,"height":342,"caption":"Raw Photo Contest"},"image":{"@id":"https:\/\/ideephotocontest.com\/#\/schema\/logo\/image\/"}}]}},"_links":{"self":[{"href":"https:\/\/ideephotocontest.com\/index.php\/wp-json\/wp\/v2\/pages\/213","targetHints":{"allow":["GET"]}}],"collection":[{"href":"https:\/\/ideephotocontest.com\/index.php\/wp-json\/wp\/v2\/pages"}],"about":[{"href":"https:\/\/ideephotocontest.com\/index.php\/wp-json\/wp\/v2\/types\/page"}],"author":[{"embeddable":true,"href":"https:\/\/ideephotocontest.com\/index.php\/wp-json\/wp\/v2\/users\/1"}],"replies":[{"embeddable":true,"href":"https:\/\/ideephotocontest.com\/index.php\/wp-json\/wp\/v2\/comments?post=213"}],"version-history":[{"count":39,"href":"https:\/\/ideephotocontest.com\/index.php\/wp-json\/wp\/v2\/pages\/213\/revisions"}],"predecessor-version":[{"id":1761,"href":"https:\/\/ideephotocontest.com\/index.php\/wp-json\/wp\/v2\/pages\/213\/revisions\/1761"}],"wp:attachment":[{"href":"https:\/\/ideephotocontest.com\/index.php\/wp-json\/wp\/v2\/media?parent=213"}],"curies":[{"name":"wp","href":"https:\/\/api.w.org\/{rel}","templated":true}]}}